{"id":32233,"date":"2025-04-08T11:36:42","date_gmt":"2025-04-08T11:36:42","guid":{"rendered":"https:\/\/formassista.fr\/?post_type=product&#038;p=32233"},"modified":"2025-07-15T16:55:34","modified_gmt":"2025-07-15T16:55:34","slug":"nous-trouvons-vos-clients-vous-passez-les-appels-%f0%9f%93%9c","status":"publish","type":"product","link":"https:\/\/formassista.fr\/en\/product\/nous-trouvons-vos-clients-vous-passez-les-appels-%f0%9f%93%9c\/","title":{"rendered":"Nous trouvons vos clients, vous passez les appels \ud83d\udcdc"},"content":{"rendered":"<div class=\"elementor-element elementor-element-6bd6661 elementor-widget elementor-widget-text-editor\" data-id=\"6bd6661\" data-element_type=\"widget\" data-widget_type=\"text-editor.default\">\n<div class=\"elementor-widget-container\">\n<div class=\"elementor-text-editor elementor-clearfix\">\n<p>Suite aux nombreux \u00e9changes que nous avons avec <a href=\"https:\/\/www.facebook.com\/groups\/devenirsecretaireindependanteetmedevelopper\">notre communaut\u00e9<\/a> de plus de 2400 membres, que nous avons choisi de proposer ces nouveaux produits.<\/p>\n<\/div>\n<\/div>\n<\/div>\n<div class=\"elementor-element elementor-element-7fd52e0 elementor-widget elementor-widget-text-editor\" data-id=\"7fd52e0\" data-element_type=\"widget\" data-widget_type=\"text-editor.default\">\n<div class=\"elementor-widget-container\">\n<div class=\"elementor-text-editor elementor-clearfix\">\n<p>Vous \u00eates nombreux et nombreuses \u00e0 vous soucier de la mani\u00e8re de trouver vos premiers clients, vous ne savez pas o\u00f9 chercher et o\u00f9 les trouver\u2026<\/p>\n<\/div>\n<\/div>\n<\/div>\n<div class=\"elementor-element elementor-element-f1710c0 elementor-widget elementor-widget-text-editor\" data-id=\"f1710c0\" data-element_type=\"widget\" data-widget_type=\"text-editor.default\">\n<div class=\"elementor-widget-container\">\n<div class=\"elementor-text-editor elementor-clearfix\">\n<p>Alors, maintenant,\u00a0<strong>nous vous simplifions le processus<\/strong>,\u00a0<strong>nous vous enlevons le stress<\/strong>\u00a0li\u00e9 \u00e0 cette recherche du premier client,\u00a0<strong>nous cherchons pour vous<\/strong>\u00a0!<\/p>\n<\/div>\n<\/div>\n<\/div>\n<div class=\"elementor-element elementor-element-b182cc0 elementor-widget-divider--view-line elementor-widget elementor-widget-divider\" data-id=\"b182cc0\" data-element_type=\"widget\" data-widget_type=\"divider.default\">\n<div class=\"elementor-widget-container\">\n<div class=\"elementor-divider\">\n<div class=\"elementor-element elementor-element-f7f28e1 elementor-widget elementor-widget-text-editor\" data-id=\"f7f28e1\" data-element_type=\"widget\" data-widget_type=\"text-editor.default\">\n<div class=\"elementor-widget-container\">\n<div class=\"elementor-text-editor elementor-clearfix\">\n<p><b>Faites dispara\u00eetre le stress<\/b> du premier client !\u00a0 Nous vous donnons <b>les cl\u00e9s pour r\u00e9ussir.<\/b><\/p>\n<\/div>\n<\/div>\n<\/div>\n<div class=\"elementor-element elementor-element-257d5bf elementor-widget elementor-widget-text-editor\" data-id=\"257d5bf\" data-element_type=\"widget\" data-widget_type=\"text-editor.default\">\n<div class=\"elementor-widget-container\">\n<div class=\"elementor-text-editor elementor-clearfix\">\n<ul>\n<li>\n<div class=\"elementor-element elementor-element-432a09e elementor-icon-list--layout-traditional elementor-list-item-link-full_width elementor-widget elementor-widget-icon-list\" data-id=\"432a09e\" data-element_type=\"widget\" data-widget_type=\"icon-list.default\">\n<div class=\"elementor-widget-container\">\n<ul class=\"elementor-icon-list-items\">\n<li class=\"elementor-icon-list-item\"><i class=\"fas fa-check\" aria-hidden=\"true\"><\/i><span class=\"elementor-icon-list-text\">Des\u00a0<b>documents pour vous accompagner<\/b>\u00a0dans votre campagne de prospection<\/span>\n<div class=\"elementor-element elementor-element-64d818d elementor-icon-list--layout-traditional elementor-list-item-link-full_width elementor-widget elementor-widget-icon-list\" data-id=\"64d818d\" data-element_type=\"widget\" data-widget_type=\"icon-list.default\">\n<div class=\"elementor-widget-container\">\n<ul class=\"elementor-icon-list-items\">\n<li class=\"elementor-icon-list-item\"><i class=\"fas fa-check\" aria-hidden=\"true\"><\/i><span class=\"elementor-icon-list-text\">Un liste de\u00a0<b>25 prospects personnalis\u00e9s<\/b><\/span>\n<div class=\"elementor-element elementor-element-2a33517 elementor-icon-list--layout-traditional elementor-list-item-link-full_width elementor-widget elementor-widget-icon-list\" data-id=\"2a33517\" data-element_type=\"widget\" data-widget_type=\"icon-list.default\">\n<div class=\"elementor-widget-container\">\n<ul class=\"elementor-icon-list-items\">\n<li class=\"elementor-icon-list-item\"><span class=\"elementor-icon-list-text\">Un\u00a0<b>entretien de 30 min<\/b> pour identifier, avec vous, le ou les secteurs cibles par rapport \u00e0 votre r\u00e9gion et \u00e0 vos objectifs<\/span><i class=\"fas fa-check\" aria-hidden=\"true\"><\/i><\/li>\n<li class=\"elementor-icon-list-item\"><span class=\"elementor-icon-list-text\">Des exemples de\u00a0<b>pitchs personnalis\u00e9s<\/b> pour vous\u00a0<b>lancer facilement et rapidement<\/b><\/span><\/li>\n<\/ul>\n<\/div>\n<\/div>\n<\/li>\n<\/ul>\n<\/div>\n<\/div>\n<\/li>\n<\/ul>\n<\/div>\n<\/div>\n<div class=\"elementor-element elementor-element-b996aa1 elementor-icon-list--layout-traditional elementor-list-item-link-full_width elementor-widget elementor-widget-icon-list\" data-id=\"b996aa1\" data-element_type=\"widget\" data-widget_type=\"icon-list.default\">\n<div class=\"elementor-widget-container\"><\/div>\n<\/div>\n<\/li>\n<\/ul>\n<\/div>\n<\/div>\n<\/div>\n<\/div>\n<\/div>\n<\/div>\n","protected":false},"excerpt":{"rendered":"<p>Suite aux nombreux \u00e9changes que nous avons avec notre communaut\u00e9 de plus de 2400 membres, que nous avons choisi de proposer ces nouveaux produits. Vous \u00eates nombreux et nombreuses \u00e0 vous soucier de la mani\u00e8re de trouver vos premiers clients, vous ne savez pas o\u00f9 chercher et o\u00f9 les trouver\u2026 Alors, maintenant,\u00a0nous vous simplifions le [&hellip;]<\/p>\n","protected":false},"featured_media":29187,"template":"","meta":{"site-sidebar-layout":"default","site-content-layout":"","ast-site-content-layout":"default","site-content-style":"default","site-sidebar-style":"default","ast-global-header-display":"","ast-banner-title-visibility":"","ast-main-header-display":"","ast-hfb-above-header-display":"","ast-hfb-below-header-display":"","ast-hfb-mobile-header-display":"","site-post-title":"","ast-breadcrumbs-content":"","ast-featured-img":"","footer-sml-layout":"","ast-disable-related-posts":"","theme-transparent-header-meta":"default","adv-header-id-meta":"","stick-header-meta":"default","header-above-stick-meta":"","header-main-stick-meta":"","header-below-stick-meta":"","astra-migrate-meta-layouts":"set","ast-page-background-enabled":"default","ast-page-background-meta":{"desktop":{"background-color":"","background-image":"","background-repeat":"repeat","background-position":"center center","background-size":"auto","background-attachment":"scroll","background-type":"","background-media":"","overlay-type":"","overlay-color":"","overlay-opacity":"","overlay-gradient":""},"tablet":{"background-color":"","background-image":"","background-repeat":"repeat","background-position":"center center","background-size":"auto","background-attachment":"scroll","background-type":"","background-media":"","overlay-type":"","overlay-color":"","overlay-opacity":"","overlay-gradient":""},"mobile":{"background-color":"","background-image":"","background-repeat":"repeat","background-position":"center center","background-size":"auto","background-attachment":"scroll","background-type":"","background-media":"","overlay-type":"","overlay-color":"","overlay-opacity":"","overlay-gradient":""}},"ast-content-background-meta":{"desktop":{"background-color":"var(--ast-global-color-5)","background-image":"","background-repeat":"repeat","background-position":"center center","background-size":"auto","background-attachment":"scroll","background-type":"","background-media":"","overlay-type":"","overlay-color":"","overlay-opacity":"","overlay-gradient":""},"tablet":{"background-color":"var(--ast-global-color-5)","background-image":"","background-repeat":"repeat","background-position":"center center","background-size":"auto","background-attachment":"scroll","background-type":"","background-media":"","overlay-type":"","overlay-color":"","overlay-opacity":"","overlay-gradient":""},"mobile":{"background-color":"var(--ast-global-color-5)","background-image":"","background-repeat":"repeat","background-position":"center center","background-size":"auto","background-attachment":"scroll","background-type":"","background-media":"","overlay-type":"","overlay-color":"","overlay-opacity":"","overlay-gradient":""}}},"product_brand":[],"product_cat":[65],"product_tag":[],"class_list":{"0":"post-32233","1":"product","2":"type-product","3":"status-publish","4":"has-post-thumbnail","6":"product_cat-documents","7":"desktop-align-left","8":"tablet-align-left","9":"mobile-align-left","10":"ast-product-gallery-layout-horizontal-slider","11":"ast-product-gallery-with-no-image","12":"ast-product-tabs-layout-horizontal","14":"first","15":"instock","16":"virtual","17":"taxable","18":"purchasable","19":"product-type-simple"},"yoast_head":"<!-- This site is optimized with the Yoast SEO plugin v27.3 - https:\/\/yoast.com\/product\/yoast-seo-wordpress\/ -->\n<title>Nous trouvons vos clients, vous passez les appels \ud83d\udcdc - Formassista<\/title>\n<meta name=\"description\" content=\"Nous identifions vos prospects et vous passons les appels : liste cibl\u00e9e, documents de prospection et accompagnement pour d\u00e9crocher vos premiers clients.\" \/>\n<meta name=\"robots\" content=\"index, follow, max-snippet:-1, max-image-preview:large, max-video-preview:-1\" \/>\n<link rel=\"canonical\" href=\"https:\/\/formassista.fr\/en\/product\/nous-trouvons-vos-clients-vous-passez-les-appels-%f0%9f%93%9c\/\" \/>\n<meta property=\"og:locale\" content=\"en_US\" \/>\n<meta property=\"og:type\" content=\"article\" \/>\n<meta property=\"og:title\" content=\"Nous trouvons vos clients, vous passez les appels \ud83d\udcdc - Formassista\" \/>\n<meta property=\"og:description\" content=\"Nous identifions vos prospects et vous passons les appels : liste cibl\u00e9e, documents de prospection et accompagnement pour d\u00e9crocher vos premiers clients.\" \/>\n<meta property=\"og:url\" content=\"https:\/\/formassista.fr\/en\/product\/nous-trouvons-vos-clients-vous-passez-les-appels-%f0%9f%93%9c\/\" \/>\n<meta property=\"og:site_name\" content=\"Formassista\" \/>\n<meta property=\"article:modified_time\" content=\"2025-07-15T16:55:34+00:00\" \/>\n<meta property=\"og:image\" content=\"https:\/\/formassista.fr\/wp-content\/uploads\/2020\/02\/Logo-removebg-preview-1.webp\" \/>\n\t<meta property=\"og:image:width\" content=\"300\" \/>\n\t<meta property=\"og:image:height\" content=\"300\" \/>\n\t<meta property=\"og:image:type\" content=\"image\/webp\" \/><meta property=\"og:image\" content=\"https:\/\/formassista.fr\/wp-content\/uploads\/2024\/12\/shutterstock_2486728067-scaled.jpg\" \/>\n\t<meta property=\"og:image:width\" content=\"2560\" \/>\n\t<meta property=\"og:image:height\" content=\"1439\" \/>\n\t<meta property=\"og:image:type\" content=\"image\/jpeg\" \/>\n<meta name=\"twitter:card\" content=\"summary_large_image\" \/>\n<meta name=\"twitter:label1\" content=\"Est. reading time\" \/>\n\t<meta name=\"twitter:data1\" content=\"1 minute\" \/>\n<script type=\"application\/ld+json\" class=\"yoast-schema-graph\">{\"@context\":\"https:\\\/\\\/schema.org\",\"@graph\":[{\"@type\":\"WebPage\",\"@id\":\"https:\\\/\\\/formassista.fr\\\/en\\\/product\\\/nous-trouvons-vos-clients-vous-passez-les-appels-%f0%9f%93%9c\\\/\",\"url\":\"https:\\\/\\\/formassista.fr\\\/en\\\/product\\\/nous-trouvons-vos-clients-vous-passez-les-appels-%f0%9f%93%9c\\\/\",\"name\":\"Nous trouvons vos clients, vous passez les appels \ud83d\udcdc - Formassista\",\"isPartOf\":{\"@id\":\"https:\\\/\\\/formassista.fr\\\/en\\\/#website\"},\"primaryImageOfPage\":{\"@id\":\"https:\\\/\\\/formassista.fr\\\/en\\\/product\\\/nous-trouvons-vos-clients-vous-passez-les-appels-%f0%9f%93%9c\\\/#primaryimage\"},\"image\":{\"@id\":\"https:\\\/\\\/formassista.fr\\\/en\\\/product\\\/nous-trouvons-vos-clients-vous-passez-les-appels-%f0%9f%93%9c\\\/#primaryimage\"},\"thumbnailUrl\":\"https:\\\/\\\/formassista.fr\\\/wp-content\\\/uploads\\\/2024\\\/12\\\/shutterstock_2486728067-scaled.jpg\",\"datePublished\":\"2025-04-08T11:36:42+00:00\",\"dateModified\":\"2025-07-15T16:55:34+00:00\",\"description\":\"Nous identifions vos prospects et vous passons les appels : liste cibl\u00e9e, documents de prospection et accompagnement pour d\u00e9crocher vos premiers clients.\",\"breadcrumb\":{\"@id\":\"https:\\\/\\\/formassista.fr\\\/en\\\/product\\\/nous-trouvons-vos-clients-vous-passez-les-appels-%f0%9f%93%9c\\\/#breadcrumb\"},\"inLanguage\":\"en-US\",\"potentialAction\":[{\"@type\":\"ReadAction\",\"target\":[\"https:\\\/\\\/formassista.fr\\\/en\\\/product\\\/nous-trouvons-vos-clients-vous-passez-les-appels-%f0%9f%93%9c\\\/\"]}]},{\"@type\":\"ImageObject\",\"inLanguage\":\"en-US\",\"@id\":\"https:\\\/\\\/formassista.fr\\\/en\\\/product\\\/nous-trouvons-vos-clients-vous-passez-les-appels-%f0%9f%93%9c\\\/#primaryimage\",\"url\":\"https:\\\/\\\/formassista.fr\\\/wp-content\\\/uploads\\\/2024\\\/12\\\/shutterstock_2486728067-scaled.jpg\",\"contentUrl\":\"https:\\\/\\\/formassista.fr\\\/wp-content\\\/uploads\\\/2024\\\/12\\\/shutterstock_2486728067-scaled.jpg\",\"width\":2560,\"height\":1439,\"caption\":\"Hand holding a magnifying glass over a laptop with glowing KYC and fintech icons.\"},{\"@type\":\"BreadcrumbList\",\"@id\":\"https:\\\/\\\/formassista.fr\\\/en\\\/product\\\/nous-trouvons-vos-clients-vous-passez-les-appels-%f0%9f%93%9c\\\/#breadcrumb\",\"itemListElement\":[{\"@type\":\"ListItem\",\"position\":1,\"name\":\"Home\",\"item\":\"https:\\\/\\\/formassista.fr\\\/en\\\/\"},{\"@type\":\"ListItem\",\"position\":2,\"name\":\"Shop\",\"item\":\"https:\\\/\\\/formassista.fr\\\/boutique\\\/\"},{\"@type\":\"ListItem\",\"position\":3,\"name\":\"Nous trouvons vos clients, vous passez les appels \ud83d\udcdc\"}]},{\"@type\":\"WebSite\",\"@id\":\"https:\\\/\\\/formassista.fr\\\/en\\\/#website\",\"url\":\"https:\\\/\\\/formassista.fr\\\/en\\\/\",\"name\":\"Formassista\",\"description\":\"Organisme de formation\",\"publisher\":{\"@id\":\"https:\\\/\\\/formassista.fr\\\/en\\\/#organization\"},\"potentialAction\":[{\"@type\":\"SearchAction\",\"target\":{\"@type\":\"EntryPoint\",\"urlTemplate\":\"https:\\\/\\\/formassista.fr\\\/en\\\/?s={search_term_string}\"},\"query-input\":{\"@type\":\"PropertyValueSpecification\",\"valueRequired\":true,\"valueName\":\"search_term_string\"}}],\"inLanguage\":\"en-US\"},{\"@type\":\"Organization\",\"@id\":\"https:\\\/\\\/formassista.fr\\\/en\\\/#organization\",\"name\":\"Formassista\",\"url\":\"https:\\\/\\\/formassista.fr\\\/en\\\/\",\"logo\":{\"@type\":\"ImageObject\",\"inLanguage\":\"en-US\",\"@id\":\"https:\\\/\\\/formassista.fr\\\/en\\\/#\\\/schema\\\/logo\\\/image\\\/\",\"url\":\"https:\\\/\\\/formassista.fr\\\/wp-content\\\/uploads\\\/2020\\\/02\\\/Logo-removebg-preview-1.webp\",\"contentUrl\":\"https:\\\/\\\/formassista.fr\\\/wp-content\\\/uploads\\\/2020\\\/02\\\/Logo-removebg-preview-1.webp\",\"width\":300,\"height\":300,\"caption\":\"Formassista\"},\"image\":{\"@id\":\"https:\\\/\\\/formassista.fr\\\/en\\\/#\\\/schema\\\/logo\\\/image\\\/\"}}]}<\/script>\n<!-- \/ Yoast SEO plugin. -->","yoast_head_json":{"title":"Nous trouvons vos clients, vous passez les appels \ud83d\udcdc - Formassista","description":"Nous identifions vos prospects et vous passons les appels : liste cibl\u00e9e, documents de prospection et accompagnement pour d\u00e9crocher vos premiers clients.","robots":{"index":"index","follow":"follow","max-snippet":"max-snippet:-1","max-image-preview":"max-image-preview:large","max-video-preview":"max-video-preview:-1"},"canonical":"https:\/\/formassista.fr\/en\/product\/nous-trouvons-vos-clients-vous-passez-les-appels-%f0%9f%93%9c\/","og_locale":"en_US","og_type":"article","og_title":"Nous trouvons vos clients, vous passez les appels \ud83d\udcdc - Formassista","og_description":"Nous identifions vos prospects et vous passons les appels : liste cibl\u00e9e, documents de prospection et accompagnement pour d\u00e9crocher vos premiers clients.","og_url":"https:\/\/formassista.fr\/en\/product\/nous-trouvons-vos-clients-vous-passez-les-appels-%f0%9f%93%9c\/","og_site_name":"Formassista","article_modified_time":"2025-07-15T16:55:34+00:00","og_image":[{"width":300,"height":300,"url":"https:\/\/formassista.fr\/wp-content\/uploads\/2020\/02\/Logo-removebg-preview-1.webp","type":"image\/webp"},{"width":2560,"height":1439,"url":"https:\/\/formassista.fr\/wp-content\/uploads\/2024\/12\/shutterstock_2486728067-scaled.jpg","type":"image\/jpeg"}],"twitter_card":"summary_large_image","twitter_misc":{"Est. reading time":"1 minute"},"schema":{"@context":"https:\/\/schema.org","@graph":[{"@type":"WebPage","@id":"https:\/\/formassista.fr\/en\/product\/nous-trouvons-vos-clients-vous-passez-les-appels-%f0%9f%93%9c\/","url":"https:\/\/formassista.fr\/en\/product\/nous-trouvons-vos-clients-vous-passez-les-appels-%f0%9f%93%9c\/","name":"Nous trouvons vos clients, vous passez les appels \ud83d\udcdc - Formassista","isPartOf":{"@id":"https:\/\/formassista.fr\/en\/#website"},"primaryImageOfPage":{"@id":"https:\/\/formassista.fr\/en\/product\/nous-trouvons-vos-clients-vous-passez-les-appels-%f0%9f%93%9c\/#primaryimage"},"image":{"@id":"https:\/\/formassista.fr\/en\/product\/nous-trouvons-vos-clients-vous-passez-les-appels-%f0%9f%93%9c\/#primaryimage"},"thumbnailUrl":"https:\/\/formassista.fr\/wp-content\/uploads\/2024\/12\/shutterstock_2486728067-scaled.jpg","datePublished":"2025-04-08T11:36:42+00:00","dateModified":"2025-07-15T16:55:34+00:00","description":"Nous identifions vos prospects et vous passons les appels : liste cibl\u00e9e, documents de prospection et accompagnement pour d\u00e9crocher vos premiers clients.","breadcrumb":{"@id":"https:\/\/formassista.fr\/en\/product\/nous-trouvons-vos-clients-vous-passez-les-appels-%f0%9f%93%9c\/#breadcrumb"},"inLanguage":"en-US","potentialAction":[{"@type":"ReadAction","target":["https:\/\/formassista.fr\/en\/product\/nous-trouvons-vos-clients-vous-passez-les-appels-%f0%9f%93%9c\/"]}]},{"@type":"ImageObject","inLanguage":"en-US","@id":"https:\/\/formassista.fr\/en\/product\/nous-trouvons-vos-clients-vous-passez-les-appels-%f0%9f%93%9c\/#primaryimage","url":"https:\/\/formassista.fr\/wp-content\/uploads\/2024\/12\/shutterstock_2486728067-scaled.jpg","contentUrl":"https:\/\/formassista.fr\/wp-content\/uploads\/2024\/12\/shutterstock_2486728067-scaled.jpg","width":2560,"height":1439,"caption":"Hand holding a magnifying glass over a laptop with glowing KYC and fintech icons."},{"@type":"BreadcrumbList","@id":"https:\/\/formassista.fr\/en\/product\/nous-trouvons-vos-clients-vous-passez-les-appels-%f0%9f%93%9c\/#breadcrumb","itemListElement":[{"@type":"ListItem","position":1,"name":"Home","item":"https:\/\/formassista.fr\/en\/"},{"@type":"ListItem","position":2,"name":"Shop","item":"https:\/\/formassista.fr\/boutique\/"},{"@type":"ListItem","position":3,"name":"Nous trouvons vos clients, vous passez les appels \ud83d\udcdc"}]},{"@type":"WebSite","@id":"https:\/\/formassista.fr\/en\/#website","url":"https:\/\/formassista.fr\/en\/","name":"Formassista","description":"Organisme de formation","publisher":{"@id":"https:\/\/formassista.fr\/en\/#organization"},"potentialAction":[{"@type":"SearchAction","target":{"@type":"EntryPoint","urlTemplate":"https:\/\/formassista.fr\/en\/?s={search_term_string}"},"query-input":{"@type":"PropertyValueSpecification","valueRequired":true,"valueName":"search_term_string"}}],"inLanguage":"en-US"},{"@type":"Organization","@id":"https:\/\/formassista.fr\/en\/#organization","name":"Formassista","url":"https:\/\/formassista.fr\/en\/","logo":{"@type":"ImageObject","inLanguage":"en-US","@id":"https:\/\/formassista.fr\/en\/#\/schema\/logo\/image\/","url":"https:\/\/formassista.fr\/wp-content\/uploads\/2020\/02\/Logo-removebg-preview-1.webp","contentUrl":"https:\/\/formassista.fr\/wp-content\/uploads\/2020\/02\/Logo-removebg-preview-1.webp","width":300,"height":300,"caption":"Formassista"},"image":{"@id":"https:\/\/formassista.fr\/en\/#\/schema\/logo\/image\/"}}]}},"_links":{"self":[{"href":"https:\/\/formassista.fr\/en\/wp-json\/wp\/v2\/product\/32233","targetHints":{"allow":["GET"]}}],"collection":[{"href":"https:\/\/formassista.fr\/en\/wp-json\/wp\/v2\/product"}],"about":[{"href":"https:\/\/formassista.fr\/en\/wp-json\/wp\/v2\/types\/product"}],"wp:featuredmedia":[{"embeddable":true,"href":"https:\/\/formassista.fr\/en\/wp-json\/wp\/v2\/media\/29187"}],"wp:attachment":[{"href":"https:\/\/formassista.fr\/en\/wp-json\/wp\/v2\/media?parent=32233"}],"wp:term":[{"taxonomy":"product_brand","embeddable":true,"href":"https:\/\/formassista.fr\/en\/wp-json\/wp\/v2\/product_brand?post=32233"},{"taxonomy":"product_cat","embeddable":true,"href":"https:\/\/formassista.fr\/en\/wp-json\/wp\/v2\/product_cat?post=32233"},{"taxonomy":"product_tag","embeddable":true,"href":"https:\/\/formassista.fr\/en\/wp-json\/wp\/v2\/product_tag?post=32233"}],"curies":[{"name":"wp","href":"https:\/\/api.w.org\/{rel}","templated":true}]}}