{"id":32237,"date":"2025-04-08T11:36:42","date_gmt":"2025-04-08T11:36:42","guid":{"rendered":"https:\/\/formassista.fr\/?post_type=product&#038;p=32237"},"modified":"2025-07-15T16:55:34","modified_gmt":"2025-07-15T16:55:34","slug":"une-liste-de-25-prospects-par-mois-pendant-4-mois-bonus","status":"publish","type":"product","link":"https:\/\/formassista.fr\/en\/product\/une-liste-de-25-prospects-par-mois-pendant-4-mois-bonus\/","title":{"rendered":"Une liste de 25 prospects par mois pendant 4 mois + bonus"},"content":{"rendered":"<p><strong>Une liste de 25 prospects par mois pendant 4 mois + BONUS<\/strong><\/p>\n<p>Votre liste de prospects est personnalis\u00e9e par rapport aux secteurs d&#8217;activit\u00e9s que vous ciblez et vos prospects vous sont exclusifs.<\/p>\n<p>Le d\u00e9roul\u00e9 :<\/p>\n<ul>\n<li>Un entretien de 30 minutes pour d\u00e9finir votre cible prospect<\/li>\n<li>Le traitement de votre demande<\/li>\n<li>L&#8217;envoi pendant 4 mois d&#8217;une liste de 25 prospects cibl\u00e9s pour vous<\/li>\n<\/ul>\n<p>Vos documents bonus :<\/p>\n<ul>\n<li class=\"li1\">Un document pour bien prospecter<\/li>\n<li class=\"li1\">Un document pour faire un pitch t\u00e9l\u00e9phonique<\/li>\n<li class=\"li1\">Un document pour faire un email de prospection<\/li>\n<li class=\"li1\">Des exemples de r\u00e9ponses aux objections<\/li>\n<li class=\"li1\">Un tableau de suivi de prospection<\/li>\n<\/ul>\n","protected":false},"excerpt":{"rendered":"<p>Une liste de 25 prospects par mois pendant 4 mois + BONUS Votre liste de prospects est personnalis\u00e9e par rapport aux secteurs d&#8217;activit\u00e9s que vous ciblez et vos prospects vous sont exclusifs. Le d\u00e9roul\u00e9 : Un entretien de 30 minutes pour d\u00e9finir votre cible prospect Le traitement de votre demande L&#8217;envoi pendant 4 mois d&#8217;une [&hellip;]<\/p>\n","protected":false},"featured_media":5780,"template":"","meta":{"site-sidebar-layout":"","site-content-layout":"","ast-site-content-layout":"","site-content-style":"","site-sidebar-style":"","ast-global-header-display":"","ast-banner-title-visibility":"","ast-main-header-display":"","ast-hfb-above-header-display":"","ast-hfb-below-header-display":"","ast-hfb-mobile-header-display":"","site-post-title":"","ast-breadcrumbs-content":"","ast-featured-img":"","footer-sml-layout":"","ast-disable-related-posts":"","theme-transparent-header-meta":"","adv-header-id-meta":"","stick-header-meta":"","header-above-stick-meta":"","header-main-stick-meta":"","header-below-stick-meta":"","astra-migrate-meta-layouts":"","ast-page-background-enabled":"default","ast-page-background-meta":{"desktop":{"background-color":"","background-image":"","background-repeat":"repeat","background-position":"center center","background-size":"auto","background-attachment":"scroll","background-type":"","background-media":"","overlay-type":"","overlay-color":"","overlay-opacity":"","overlay-gradient":""},"tablet":{"background-color":"","background-image":"","background-repeat":"repeat","background-position":"center center","background-size":"auto","background-attachment":"scroll","background-type":"","background-media":"","overlay-type":"","overlay-color":"","overlay-opacity":"","overlay-gradient":""},"mobile":{"background-color":"","background-image":"","background-repeat":"repeat","background-position":"center center","background-size":"auto","background-attachment":"scroll","background-type":"","background-media":"","overlay-type":"","overlay-color":"","overlay-opacity":"","overlay-gradient":""}},"ast-content-background-meta":{"desktop":{"background-color":"var(--ast-global-color-5)","background-image":"","background-repeat":"repeat","background-position":"center center","background-size":"auto","background-attachment":"scroll","background-type":"","background-media":"","overlay-type":"","overlay-color":"","overlay-opacity":"","overlay-gradient":""},"tablet":{"background-color":"var(--ast-global-color-5)","background-image":"","background-repeat":"repeat","background-position":"center center","background-size":"auto","background-attachment":"scroll","background-type":"","background-media":"","overlay-type":"","overlay-color":"","overlay-opacity":"","overlay-gradient":""},"mobile":{"background-color":"var(--ast-global-color-5)","background-image":"","background-repeat":"repeat","background-position":"center center","background-size":"auto","background-attachment":"scroll","background-type":"","background-media":"","overlay-type":"","overlay-color":"","overlay-opacity":"","overlay-gradient":""}}},"product_brand":[],"product_cat":[65],"product_tag":[],"class_list":{"0":"post-32237","1":"product","2":"type-product","3":"status-publish","4":"has-post-thumbnail","6":"product_cat-documents","7":"desktop-align-left","8":"tablet-align-left","9":"mobile-align-left","10":"ast-product-gallery-layout-horizontal-slider","11":"ast-product-gallery-with-no-image","12":"ast-product-tabs-layout-horizontal","14":"first","15":"instock","16":"virtual","17":"sold-individually","18":"taxable","19":"purchasable","20":"product-type-simple"},"yoast_head":"<!-- This site is optimized with the Yoast SEO plugin v27.4 - https:\/\/yoast.com\/product\/yoast-seo-wordpress\/ -->\n<title>Une liste de 25 prospects par mois pendant 4 mois + bonus - Formassista<\/title>\n<meta name=\"description\" content=\"25 prospects cibl\u00e9s par mois pendant 4 mois avec bonus : listes personnalis\u00e9es, outils de prospection et suivi pour gagner des clients.\" \/>\n<meta name=\"robots\" content=\"index, follow, max-snippet:-1, max-image-preview:large, max-video-preview:-1\" \/>\n<link rel=\"canonical\" href=\"https:\/\/formassista.fr\/en\/product\/une-liste-de-25-prospects-par-mois-pendant-4-mois-bonus\/\" \/>\n<meta property=\"og:locale\" content=\"en_US\" \/>\n<meta property=\"og:type\" content=\"article\" \/>\n<meta property=\"og:title\" content=\"Une liste de 25 prospects par mois pendant 4 mois + bonus - Formassista\" \/>\n<meta property=\"og:description\" content=\"25 prospects cibl\u00e9s par mois pendant 4 mois avec bonus : listes personnalis\u00e9es, outils de prospection et suivi pour gagner des clients.\" \/>\n<meta property=\"og:url\" content=\"https:\/\/formassista.fr\/en\/product\/une-liste-de-25-prospects-par-mois-pendant-4-mois-bonus\/\" \/>\n<meta property=\"og:site_name\" content=\"Formassista\" \/>\n<meta property=\"article:modified_time\" content=\"2025-07-15T16:55:34+00:00\" \/>\n<meta property=\"og:image\" content=\"https:\/\/formassista.fr\/wp-content\/uploads\/2020\/02\/Logo-removebg-preview-1.webp\" \/>\n\t<meta property=\"og:image:width\" content=\"300\" \/>\n\t<meta property=\"og:image:height\" content=\"300\" \/>\n\t<meta property=\"og:image:type\" content=\"image\/webp\" \/><meta property=\"og:image\" content=\"https:\/\/formassista.fr\/wp-content\/uploads\/2024\/12\/3d-illustration-pen-putting-blue-ticks-paper-scaled.jpg\" \/>\n\t<meta property=\"og:image:width\" content=\"2560\" \/>\n\t<meta property=\"og:image:height\" content=\"1920\" \/>\n\t<meta property=\"og:image:type\" content=\"image\/jpeg\" \/>\n<meta name=\"twitter:card\" content=\"summary_large_image\" \/>\n<script type=\"application\/ld+json\" class=\"yoast-schema-graph\">{\"@context\":\"https:\\\/\\\/schema.org\",\"@graph\":[{\"@type\":\"WebPage\",\"@id\":\"https:\\\/\\\/formassista.fr\\\/en\\\/product\\\/une-liste-de-25-prospects-par-mois-pendant-4-mois-bonus\\\/\",\"url\":\"https:\\\/\\\/formassista.fr\\\/en\\\/product\\\/une-liste-de-25-prospects-par-mois-pendant-4-mois-bonus\\\/\",\"name\":\"Une liste de 25 prospects par mois pendant 4 mois + bonus - Formassista\",\"isPartOf\":{\"@id\":\"https:\\\/\\\/formassista.fr\\\/en\\\/#website\"},\"primaryImageOfPage\":{\"@id\":\"https:\\\/\\\/formassista.fr\\\/en\\\/product\\\/une-liste-de-25-prospects-par-mois-pendant-4-mois-bonus\\\/#primaryimage\"},\"image\":{\"@id\":\"https:\\\/\\\/formassista.fr\\\/en\\\/product\\\/une-liste-de-25-prospects-par-mois-pendant-4-mois-bonus\\\/#primaryimage\"},\"thumbnailUrl\":\"https:\\\/\\\/formassista.fr\\\/wp-content\\\/uploads\\\/2024\\\/12\\\/3d-illustration-pen-putting-blue-ticks-paper-scaled.jpg\",\"datePublished\":\"2025-04-08T11:36:42+00:00\",\"dateModified\":\"2025-07-15T16:55:34+00:00\",\"description\":\"25 prospects cibl\u00e9s par mois pendant 4 mois avec bonus : listes personnalis\u00e9es, outils de prospection et suivi pour gagner des clients.\",\"breadcrumb\":{\"@id\":\"https:\\\/\\\/formassista.fr\\\/en\\\/product\\\/une-liste-de-25-prospects-par-mois-pendant-4-mois-bonus\\\/#breadcrumb\"},\"inLanguage\":\"en-US\",\"potentialAction\":[{\"@type\":\"ReadAction\",\"target\":[\"https:\\\/\\\/formassista.fr\\\/en\\\/product\\\/une-liste-de-25-prospects-par-mois-pendant-4-mois-bonus\\\/\"]}]},{\"@type\":\"ImageObject\",\"inLanguage\":\"en-US\",\"@id\":\"https:\\\/\\\/formassista.fr\\\/en\\\/product\\\/une-liste-de-25-prospects-par-mois-pendant-4-mois-bonus\\\/#primaryimage\",\"url\":\"https:\\\/\\\/formassista.fr\\\/wp-content\\\/uploads\\\/2024\\\/12\\\/3d-illustration-pen-putting-blue-ticks-paper-scaled.jpg\",\"contentUrl\":\"https:\\\/\\\/formassista.fr\\\/wp-content\\\/uploads\\\/2024\\\/12\\\/3d-illustration-pen-putting-blue-ticks-paper-scaled.jpg\",\"width\":2560,\"height\":1920},{\"@type\":\"BreadcrumbList\",\"@id\":\"https:\\\/\\\/formassista.fr\\\/en\\\/product\\\/une-liste-de-25-prospects-par-mois-pendant-4-mois-bonus\\\/#breadcrumb\",\"itemListElement\":[{\"@type\":\"ListItem\",\"position\":1,\"name\":\"Home\",\"item\":\"https:\\\/\\\/formassista.fr\\\/en\\\/\"},{\"@type\":\"ListItem\",\"position\":2,\"name\":\"Shop\",\"item\":\"https:\\\/\\\/formassista.fr\\\/boutique\\\/\"},{\"@type\":\"ListItem\",\"position\":3,\"name\":\"Une liste de 25 prospects par mois pendant 4 mois + bonus\"}]},{\"@type\":\"WebSite\",\"@id\":\"https:\\\/\\\/formassista.fr\\\/en\\\/#website\",\"url\":\"https:\\\/\\\/formassista.fr\\\/en\\\/\",\"name\":\"Formassista\",\"description\":\"Organisme de formation\",\"publisher\":{\"@id\":\"https:\\\/\\\/formassista.fr\\\/en\\\/#organization\"},\"potentialAction\":[{\"@type\":\"SearchAction\",\"target\":{\"@type\":\"EntryPoint\",\"urlTemplate\":\"https:\\\/\\\/formassista.fr\\\/en\\\/?s={search_term_string}\"},\"query-input\":{\"@type\":\"PropertyValueSpecification\",\"valueRequired\":true,\"valueName\":\"search_term_string\"}}],\"inLanguage\":\"en-US\"},{\"@type\":\"Organization\",\"@id\":\"https:\\\/\\\/formassista.fr\\\/en\\\/#organization\",\"name\":\"Formassista\",\"url\":\"https:\\\/\\\/formassista.fr\\\/en\\\/\",\"logo\":{\"@type\":\"ImageObject\",\"inLanguage\":\"en-US\",\"@id\":\"https:\\\/\\\/formassista.fr\\\/en\\\/#\\\/schema\\\/logo\\\/image\\\/\",\"url\":\"https:\\\/\\\/formassista.fr\\\/wp-content\\\/uploads\\\/2020\\\/02\\\/Logo-removebg-preview-1.webp\",\"contentUrl\":\"https:\\\/\\\/formassista.fr\\\/wp-content\\\/uploads\\\/2020\\\/02\\\/Logo-removebg-preview-1.webp\",\"width\":300,\"height\":300,\"caption\":\"Formassista\"},\"image\":{\"@id\":\"https:\\\/\\\/formassista.fr\\\/en\\\/#\\\/schema\\\/logo\\\/image\\\/\"}}]}<\/script>\n<!-- \/ Yoast SEO plugin. -->","yoast_head_json":{"title":"Une liste de 25 prospects par mois pendant 4 mois + bonus - Formassista","description":"25 prospects cibl\u00e9s par mois pendant 4 mois avec bonus : listes personnalis\u00e9es, outils de prospection et suivi pour gagner des clients.","robots":{"index":"index","follow":"follow","max-snippet":"max-snippet:-1","max-image-preview":"max-image-preview:large","max-video-preview":"max-video-preview:-1"},"canonical":"https:\/\/formassista.fr\/en\/product\/une-liste-de-25-prospects-par-mois-pendant-4-mois-bonus\/","og_locale":"en_US","og_type":"article","og_title":"Une liste de 25 prospects par mois pendant 4 mois + bonus - Formassista","og_description":"25 prospects cibl\u00e9s par mois pendant 4 mois avec bonus : listes personnalis\u00e9es, outils de prospection et suivi pour gagner des clients.","og_url":"https:\/\/formassista.fr\/en\/product\/une-liste-de-25-prospects-par-mois-pendant-4-mois-bonus\/","og_site_name":"Formassista","article_modified_time":"2025-07-15T16:55:34+00:00","og_image":[{"width":300,"height":300,"url":"https:\/\/formassista.fr\/wp-content\/uploads\/2020\/02\/Logo-removebg-preview-1.webp","type":"image\/webp"},{"width":2560,"height":1920,"url":"https:\/\/formassista.fr\/wp-content\/uploads\/2024\/12\/3d-illustration-pen-putting-blue-ticks-paper-scaled.jpg","type":"image\/jpeg"}],"twitter_card":"summary_large_image","schema":{"@context":"https:\/\/schema.org","@graph":[{"@type":"WebPage","@id":"https:\/\/formassista.fr\/en\/product\/une-liste-de-25-prospects-par-mois-pendant-4-mois-bonus\/","url":"https:\/\/formassista.fr\/en\/product\/une-liste-de-25-prospects-par-mois-pendant-4-mois-bonus\/","name":"Une liste de 25 prospects par mois pendant 4 mois + bonus - Formassista","isPartOf":{"@id":"https:\/\/formassista.fr\/en\/#website"},"primaryImageOfPage":{"@id":"https:\/\/formassista.fr\/en\/product\/une-liste-de-25-prospects-par-mois-pendant-4-mois-bonus\/#primaryimage"},"image":{"@id":"https:\/\/formassista.fr\/en\/product\/une-liste-de-25-prospects-par-mois-pendant-4-mois-bonus\/#primaryimage"},"thumbnailUrl":"https:\/\/formassista.fr\/wp-content\/uploads\/2024\/12\/3d-illustration-pen-putting-blue-ticks-paper-scaled.jpg","datePublished":"2025-04-08T11:36:42+00:00","dateModified":"2025-07-15T16:55:34+00:00","description":"25 prospects cibl\u00e9s par mois pendant 4 mois avec bonus : listes personnalis\u00e9es, outils de prospection et suivi pour gagner des clients.","breadcrumb":{"@id":"https:\/\/formassista.fr\/en\/product\/une-liste-de-25-prospects-par-mois-pendant-4-mois-bonus\/#breadcrumb"},"inLanguage":"en-US","potentialAction":[{"@type":"ReadAction","target":["https:\/\/formassista.fr\/en\/product\/une-liste-de-25-prospects-par-mois-pendant-4-mois-bonus\/"]}]},{"@type":"ImageObject","inLanguage":"en-US","@id":"https:\/\/formassista.fr\/en\/product\/une-liste-de-25-prospects-par-mois-pendant-4-mois-bonus\/#primaryimage","url":"https:\/\/formassista.fr\/wp-content\/uploads\/2024\/12\/3d-illustration-pen-putting-blue-ticks-paper-scaled.jpg","contentUrl":"https:\/\/formassista.fr\/wp-content\/uploads\/2024\/12\/3d-illustration-pen-putting-blue-ticks-paper-scaled.jpg","width":2560,"height":1920},{"@type":"BreadcrumbList","@id":"https:\/\/formassista.fr\/en\/product\/une-liste-de-25-prospects-par-mois-pendant-4-mois-bonus\/#breadcrumb","itemListElement":[{"@type":"ListItem","position":1,"name":"Home","item":"https:\/\/formassista.fr\/en\/"},{"@type":"ListItem","position":2,"name":"Shop","item":"https:\/\/formassista.fr\/boutique\/"},{"@type":"ListItem","position":3,"name":"Une liste de 25 prospects par mois pendant 4 mois + bonus"}]},{"@type":"WebSite","@id":"https:\/\/formassista.fr\/en\/#website","url":"https:\/\/formassista.fr\/en\/","name":"Formassista","description":"Organisme de formation","publisher":{"@id":"https:\/\/formassista.fr\/en\/#organization"},"potentialAction":[{"@type":"SearchAction","target":{"@type":"EntryPoint","urlTemplate":"https:\/\/formassista.fr\/en\/?s={search_term_string}"},"query-input":{"@type":"PropertyValueSpecification","valueRequired":true,"valueName":"search_term_string"}}],"inLanguage":"en-US"},{"@type":"Organization","@id":"https:\/\/formassista.fr\/en\/#organization","name":"Formassista","url":"https:\/\/formassista.fr\/en\/","logo":{"@type":"ImageObject","inLanguage":"en-US","@id":"https:\/\/formassista.fr\/en\/#\/schema\/logo\/image\/","url":"https:\/\/formassista.fr\/wp-content\/uploads\/2020\/02\/Logo-removebg-preview-1.webp","contentUrl":"https:\/\/formassista.fr\/wp-content\/uploads\/2020\/02\/Logo-removebg-preview-1.webp","width":300,"height":300,"caption":"Formassista"},"image":{"@id":"https:\/\/formassista.fr\/en\/#\/schema\/logo\/image\/"}}]}},"_links":{"self":[{"href":"https:\/\/formassista.fr\/en\/wp-json\/wp\/v2\/product\/32237","targetHints":{"allow":["GET"]}}],"collection":[{"href":"https:\/\/formassista.fr\/en\/wp-json\/wp\/v2\/product"}],"about":[{"href":"https:\/\/formassista.fr\/en\/wp-json\/wp\/v2\/types\/product"}],"wp:featuredmedia":[{"embeddable":true,"href":"https:\/\/formassista.fr\/en\/wp-json\/wp\/v2\/media\/5780"}],"wp:attachment":[{"href":"https:\/\/formassista.fr\/en\/wp-json\/wp\/v2\/media?parent=32237"}],"wp:term":[{"taxonomy":"product_brand","embeddable":true,"href":"https:\/\/formassista.fr\/en\/wp-json\/wp\/v2\/product_brand?post=32237"},{"taxonomy":"product_cat","embeddable":true,"href":"https:\/\/formassista.fr\/en\/wp-json\/wp\/v2\/product_cat?post=32237"},{"taxonomy":"product_tag","embeddable":true,"href":"https:\/\/formassista.fr\/en\/wp-json\/wp\/v2\/product_tag?post=32237"}],"curies":[{"name":"wp","href":"https:\/\/api.w.org\/{rel}","templated":true}]}}