{"id":32240,"date":"2025-04-08T11:36:42","date_gmt":"2025-04-08T11:36:42","guid":{"rendered":"https:\/\/formassista.fr\/?post_type=product&#038;p=32240"},"modified":"2025-07-15T16:55:33","modified_gmt":"2025-07-15T16:55:33","slug":"les-documents-de-48-pages-methodologie-sources","status":"publish","type":"product","link":"https:\/\/formassista.fr\/en\/product\/les-documents-de-48-pages-methodologie-sources\/","title":{"rendered":"Les documents de 48 pages &#8211; M\u00e9thodologie + Sources"},"content":{"rendered":"<ul class=\"elementor-icon-list-items\">\n<li class=\"elementor-icon-list-item\"><span class=\"elementor-icon-list-text\"><b>28 pages pr\u00e9par\u00e9es et organis\u00e9es, pr\u00eates \u00e0 l&#8217;emploi, <\/b>et qui d\u00e9taillent toutes les \u00e9tapes d&#8217;une \u00e9tude de march\u00e9, vous avez un document de travail complet pour commencer votre \u00e9tude.<\/span><\/li>\n<li class=\"elementor-icon-list-item\"><i class=\"fas fa-circle\" aria-hidden=\"true\"><\/i><span class=\"elementor-icon-list-text\">De la\u00a0<b>m\u00e9thodologie<\/b>\u00a0pour guider sa r\u00e9flexion et faciliter l&#8217;\u00e9criture de sa strat\u00e9gie, nous vous aidons \u00e0 faire votre document.<\/span><\/li>\n<li class=\"elementor-icon-list-item\"><i class=\"fas fa-circle\" aria-hidden=\"true\"><\/i><span class=\"elementor-icon-list-text\">Des\u00a0<b>conseils adapt\u00e9s<\/b>\u00a0\u00e0 votre projet pour permettre d&#8217;aborder chaque rubrique du Business Plan de la meilleure mani\u00e8re, ce sont des appels ou des messages priv\u00e9s, c&#8217;est une r\u00e9ponse ou une suggestion qui vous aident \u00e0 d\u00e9bloquer un point.<\/span><\/li>\n<\/ul>\n","protected":false},"excerpt":{"rendered":"<p>28 pages pr\u00e9par\u00e9es et organis\u00e9es, pr\u00eates \u00e0 l&#8217;emploi, et qui d\u00e9taillent toutes les \u00e9tapes d&#8217;une \u00e9tude de march\u00e9, vous avez un document de travail complet pour commencer votre \u00e9tude. De la\u00a0m\u00e9thodologie\u00a0pour guider sa r\u00e9flexion et faciliter l&#8217;\u00e9criture de sa strat\u00e9gie, nous vous aidons \u00e0 faire votre document. Des\u00a0conseils adapt\u00e9s\u00a0\u00e0 votre projet pour permettre d&#8217;aborder chaque [&hellip;]<\/p>\n","protected":false},"featured_media":5787,"template":"","meta":{"site-sidebar-layout":"","site-content-layout":"","ast-site-content-layout":"","site-content-style":"","site-sidebar-style":"","ast-global-header-display":"","ast-banner-title-visibility":"","ast-main-header-display":"","ast-hfb-above-header-display":"","ast-hfb-below-header-display":"","ast-hfb-mobile-header-display":"","site-post-title":"","ast-breadcrumbs-content":"","ast-featured-img":"","footer-sml-layout":"","ast-disable-related-posts":"","theme-transparent-header-meta":"","adv-header-id-meta":"","stick-header-meta":"","header-above-stick-meta":"","header-main-stick-meta":"","header-below-stick-meta":"","astra-migrate-meta-layouts":"","ast-page-background-enabled":"default","ast-page-background-meta":{"desktop":{"background-color":"","background-image":"","background-repeat":"repeat","background-position":"center center","background-size":"auto","background-attachment":"scroll","background-type":"","background-media":"","overlay-type":"","overlay-color":"","overlay-opacity":"","overlay-gradient":""},"tablet":{"background-color":"","background-image":"","background-repeat":"repeat","background-position":"center center","background-size":"auto","background-attachment":"scroll","background-type":"","background-media":"","overlay-type":"","overlay-color":"","overlay-opacity":"","overlay-gradient":""},"mobile":{"background-color":"","background-image":"","background-repeat":"repeat","background-position":"center center","background-size":"auto","background-attachment":"scroll","background-type":"","background-media":"","overlay-type":"","overlay-color":"","overlay-opacity":"","overlay-gradient":""}},"ast-content-background-meta":{"desktop":{"background-color":"var(--ast-global-color-5)","background-image":"","background-repeat":"repeat","background-position":"center center","background-size":"auto","background-attachment":"scroll","background-type":"","background-media":"","overlay-type":"","overlay-color":"","overlay-opacity":"","overlay-gradient":""},"tablet":{"background-color":"var(--ast-global-color-5)","background-image":"","background-repeat":"repeat","background-position":"center center","background-size":"auto","background-attachment":"scroll","background-type":"","background-media":"","overlay-type":"","overlay-color":"","overlay-opacity":"","overlay-gradient":""},"mobile":{"background-color":"var(--ast-global-color-5)","background-image":"","background-repeat":"repeat","background-position":"center center","background-size":"auto","background-attachment":"scroll","background-type":"","background-media":"","overlay-type":"","overlay-color":"","overlay-opacity":"","overlay-gradient":""}}},"product_brand":[],"product_cat":[65],"product_tag":[],"class_list":{"0":"post-32240","1":"product","2":"type-product","3":"status-publish","4":"has-post-thumbnail","6":"product_cat-documents","7":"desktop-align-left","8":"tablet-align-left","9":"mobile-align-left","10":"ast-product-gallery-layout-horizontal-slider","11":"ast-product-gallery-with-no-image","12":"ast-product-tabs-layout-horizontal","14":"first","15":"instock","16":"downloadable","17":"virtual","18":"taxable","19":"purchasable","20":"product-type-simple"},"yoast_head":"<!-- This site is optimized with the Yoast SEO plugin v27.3 - https:\/\/yoast.com\/product\/yoast-seo-wordpress\/ -->\n<title>Les documents de 48 pages - M\u00e9thodologie + Sources - Formassista<\/title>\n<meta name=\"description\" content=\"Documents pr\u00eats \u00e0 l\u2019emploi pour r\u00e9aliser votre \u00e9tude de march\u00e9 : m\u00e9thodologie claire, structure du business plan et conseils personnalis\u00e9s.\" \/>\n<meta name=\"robots\" content=\"index, follow, max-snippet:-1, max-image-preview:large, max-video-preview:-1\" \/>\n<link rel=\"canonical\" href=\"https:\/\/formassista.fr\/en\/product\/les-documents-de-48-pages-methodologie-sources\/\" \/>\n<meta property=\"og:locale\" content=\"en_US\" \/>\n<meta property=\"og:type\" content=\"article\" \/>\n<meta property=\"og:title\" content=\"Les documents de 48 pages - M\u00e9thodologie + Sources - Formassista\" \/>\n<meta property=\"og:description\" content=\"Documents pr\u00eats \u00e0 l\u2019emploi pour r\u00e9aliser votre \u00e9tude de march\u00e9 : m\u00e9thodologie claire, structure du business plan et conseils personnalis\u00e9s.\" \/>\n<meta property=\"og:url\" content=\"https:\/\/formassista.fr\/en\/product\/les-documents-de-48-pages-methodologie-sources\/\" \/>\n<meta property=\"og:site_name\" content=\"Formassista\" \/>\n<meta property=\"article:modified_time\" content=\"2025-07-15T16:55:33+00:00\" \/>\n<meta property=\"og:image\" content=\"https:\/\/formassista.fr\/wp-content\/uploads\/2020\/02\/Logo-removebg-preview-1.webp\" \/>\n\t<meta property=\"og:image:width\" content=\"300\" \/>\n\t<meta property=\"og:image:height\" content=\"300\" \/>\n\t<meta property=\"og:image:type\" content=\"image\/webp\" \/><meta property=\"og:image\" content=\"https:\/\/formassista.fr\/wp-content\/uploads\/2024\/12\/Visuel3.jpg\" \/>\n\t<meta property=\"og:image:width\" content=\"1258\" \/>\n\t<meta property=\"og:image:height\" content=\"1798\" \/>\n\t<meta property=\"og:image:type\" content=\"image\/jpeg\" \/>\n<meta name=\"twitter:card\" content=\"summary_large_image\" \/>\n<script type=\"application\/ld+json\" class=\"yoast-schema-graph\">{\"@context\":\"https:\\\/\\\/schema.org\",\"@graph\":[{\"@type\":\"WebPage\",\"@id\":\"https:\\\/\\\/formassista.fr\\\/en\\\/product\\\/les-documents-de-48-pages-methodologie-sources\\\/\",\"url\":\"https:\\\/\\\/formassista.fr\\\/en\\\/product\\\/les-documents-de-48-pages-methodologie-sources\\\/\",\"name\":\"Les documents de 48 pages - M\u00e9thodologie + Sources - Formassista\",\"isPartOf\":{\"@id\":\"https:\\\/\\\/formassista.fr\\\/en\\\/#website\"},\"primaryImageOfPage\":{\"@id\":\"https:\\\/\\\/formassista.fr\\\/en\\\/product\\\/les-documents-de-48-pages-methodologie-sources\\\/#primaryimage\"},\"image\":{\"@id\":\"https:\\\/\\\/formassista.fr\\\/en\\\/product\\\/les-documents-de-48-pages-methodologie-sources\\\/#primaryimage\"},\"thumbnailUrl\":\"https:\\\/\\\/formassista.fr\\\/wp-content\\\/uploads\\\/2024\\\/12\\\/Visuel3.jpg\",\"datePublished\":\"2025-04-08T11:36:42+00:00\",\"dateModified\":\"2025-07-15T16:55:33+00:00\",\"description\":\"Documents pr\u00eats \u00e0 l\u2019emploi pour r\u00e9aliser votre \u00e9tude de march\u00e9 : m\u00e9thodologie claire, structure du business plan et conseils personnalis\u00e9s.\",\"breadcrumb\":{\"@id\":\"https:\\\/\\\/formassista.fr\\\/en\\\/product\\\/les-documents-de-48-pages-methodologie-sources\\\/#breadcrumb\"},\"inLanguage\":\"en-US\",\"potentialAction\":[{\"@type\":\"ReadAction\",\"target\":[\"https:\\\/\\\/formassista.fr\\\/en\\\/product\\\/les-documents-de-48-pages-methodologie-sources\\\/\"]}]},{\"@type\":\"ImageObject\",\"inLanguage\":\"en-US\",\"@id\":\"https:\\\/\\\/formassista.fr\\\/en\\\/product\\\/les-documents-de-48-pages-methodologie-sources\\\/#primaryimage\",\"url\":\"https:\\\/\\\/formassista.fr\\\/wp-content\\\/uploads\\\/2024\\\/12\\\/Visuel3.jpg\",\"contentUrl\":\"https:\\\/\\\/formassista.fr\\\/wp-content\\\/uploads\\\/2024\\\/12\\\/Visuel3.jpg\",\"width\":1258,\"height\":1798},{\"@type\":\"BreadcrumbList\",\"@id\":\"https:\\\/\\\/formassista.fr\\\/en\\\/product\\\/les-documents-de-48-pages-methodologie-sources\\\/#breadcrumb\",\"itemListElement\":[{\"@type\":\"ListItem\",\"position\":1,\"name\":\"Home\",\"item\":\"https:\\\/\\\/formassista.fr\\\/en\\\/\"},{\"@type\":\"ListItem\",\"position\":2,\"name\":\"Shop\",\"item\":\"https:\\\/\\\/formassista.fr\\\/boutique\\\/\"},{\"@type\":\"ListItem\",\"position\":3,\"name\":\"Les documents de 48 pages &#8211; M\u00e9thodologie + Sources\"}]},{\"@type\":\"WebSite\",\"@id\":\"https:\\\/\\\/formassista.fr\\\/en\\\/#website\",\"url\":\"https:\\\/\\\/formassista.fr\\\/en\\\/\",\"name\":\"Formassista\",\"description\":\"Organisme de formation\",\"publisher\":{\"@id\":\"https:\\\/\\\/formassista.fr\\\/en\\\/#organization\"},\"potentialAction\":[{\"@type\":\"SearchAction\",\"target\":{\"@type\":\"EntryPoint\",\"urlTemplate\":\"https:\\\/\\\/formassista.fr\\\/en\\\/?s={search_term_string}\"},\"query-input\":{\"@type\":\"PropertyValueSpecification\",\"valueRequired\":true,\"valueName\":\"search_term_string\"}}],\"inLanguage\":\"en-US\"},{\"@type\":\"Organization\",\"@id\":\"https:\\\/\\\/formassista.fr\\\/en\\\/#organization\",\"name\":\"Formassista\",\"url\":\"https:\\\/\\\/formassista.fr\\\/en\\\/\",\"logo\":{\"@type\":\"ImageObject\",\"inLanguage\":\"en-US\",\"@id\":\"https:\\\/\\\/formassista.fr\\\/en\\\/#\\\/schema\\\/logo\\\/image\\\/\",\"url\":\"https:\\\/\\\/formassista.fr\\\/wp-content\\\/uploads\\\/2020\\\/02\\\/Logo-removebg-preview-1.webp\",\"contentUrl\":\"https:\\\/\\\/formassista.fr\\\/wp-content\\\/uploads\\\/2020\\\/02\\\/Logo-removebg-preview-1.webp\",\"width\":300,\"height\":300,\"caption\":\"Formassista\"},\"image\":{\"@id\":\"https:\\\/\\\/formassista.fr\\\/en\\\/#\\\/schema\\\/logo\\\/image\\\/\"}}]}<\/script>\n<!-- \/ Yoast SEO plugin. -->","yoast_head_json":{"title":"Les documents de 48 pages - M\u00e9thodologie + Sources - Formassista","description":"Documents pr\u00eats \u00e0 l\u2019emploi pour r\u00e9aliser votre \u00e9tude de march\u00e9 : m\u00e9thodologie claire, structure du business plan et conseils personnalis\u00e9s.","robots":{"index":"index","follow":"follow","max-snippet":"max-snippet:-1","max-image-preview":"max-image-preview:large","max-video-preview":"max-video-preview:-1"},"canonical":"https:\/\/formassista.fr\/en\/product\/les-documents-de-48-pages-methodologie-sources\/","og_locale":"en_US","og_type":"article","og_title":"Les documents de 48 pages - M\u00e9thodologie + Sources - Formassista","og_description":"Documents pr\u00eats \u00e0 l\u2019emploi pour r\u00e9aliser votre \u00e9tude de march\u00e9 : m\u00e9thodologie claire, structure du business plan et conseils personnalis\u00e9s.","og_url":"https:\/\/formassista.fr\/en\/product\/les-documents-de-48-pages-methodologie-sources\/","og_site_name":"Formassista","article_modified_time":"2025-07-15T16:55:33+00:00","og_image":[{"width":300,"height":300,"url":"https:\/\/formassista.fr\/wp-content\/uploads\/2020\/02\/Logo-removebg-preview-1.webp","type":"image\/webp"},{"width":1258,"height":1798,"url":"https:\/\/formassista.fr\/wp-content\/uploads\/2024\/12\/Visuel3.jpg","type":"image\/jpeg"}],"twitter_card":"summary_large_image","schema":{"@context":"https:\/\/schema.org","@graph":[{"@type":"WebPage","@id":"https:\/\/formassista.fr\/en\/product\/les-documents-de-48-pages-methodologie-sources\/","url":"https:\/\/formassista.fr\/en\/product\/les-documents-de-48-pages-methodologie-sources\/","name":"Les documents de 48 pages - M\u00e9thodologie + Sources - Formassista","isPartOf":{"@id":"https:\/\/formassista.fr\/en\/#website"},"primaryImageOfPage":{"@id":"https:\/\/formassista.fr\/en\/product\/les-documents-de-48-pages-methodologie-sources\/#primaryimage"},"image":{"@id":"https:\/\/formassista.fr\/en\/product\/les-documents-de-48-pages-methodologie-sources\/#primaryimage"},"thumbnailUrl":"https:\/\/formassista.fr\/wp-content\/uploads\/2024\/12\/Visuel3.jpg","datePublished":"2025-04-08T11:36:42+00:00","dateModified":"2025-07-15T16:55:33+00:00","description":"Documents pr\u00eats \u00e0 l\u2019emploi pour r\u00e9aliser votre \u00e9tude de march\u00e9 : m\u00e9thodologie claire, structure du business plan et conseils personnalis\u00e9s.","breadcrumb":{"@id":"https:\/\/formassista.fr\/en\/product\/les-documents-de-48-pages-methodologie-sources\/#breadcrumb"},"inLanguage":"en-US","potentialAction":[{"@type":"ReadAction","target":["https:\/\/formassista.fr\/en\/product\/les-documents-de-48-pages-methodologie-sources\/"]}]},{"@type":"ImageObject","inLanguage":"en-US","@id":"https:\/\/formassista.fr\/en\/product\/les-documents-de-48-pages-methodologie-sources\/#primaryimage","url":"https:\/\/formassista.fr\/wp-content\/uploads\/2024\/12\/Visuel3.jpg","contentUrl":"https:\/\/formassista.fr\/wp-content\/uploads\/2024\/12\/Visuel3.jpg","width":1258,"height":1798},{"@type":"BreadcrumbList","@id":"https:\/\/formassista.fr\/en\/product\/les-documents-de-48-pages-methodologie-sources\/#breadcrumb","itemListElement":[{"@type":"ListItem","position":1,"name":"Home","item":"https:\/\/formassista.fr\/en\/"},{"@type":"ListItem","position":2,"name":"Shop","item":"https:\/\/formassista.fr\/boutique\/"},{"@type":"ListItem","position":3,"name":"Les documents de 48 pages &#8211; M\u00e9thodologie + Sources"}]},{"@type":"WebSite","@id":"https:\/\/formassista.fr\/en\/#website","url":"https:\/\/formassista.fr\/en\/","name":"Formassista","description":"Organisme de formation","publisher":{"@id":"https:\/\/formassista.fr\/en\/#organization"},"potentialAction":[{"@type":"SearchAction","target":{"@type":"EntryPoint","urlTemplate":"https:\/\/formassista.fr\/en\/?s={search_term_string}"},"query-input":{"@type":"PropertyValueSpecification","valueRequired":true,"valueName":"search_term_string"}}],"inLanguage":"en-US"},{"@type":"Organization","@id":"https:\/\/formassista.fr\/en\/#organization","name":"Formassista","url":"https:\/\/formassista.fr\/en\/","logo":{"@type":"ImageObject","inLanguage":"en-US","@id":"https:\/\/formassista.fr\/en\/#\/schema\/logo\/image\/","url":"https:\/\/formassista.fr\/wp-content\/uploads\/2020\/02\/Logo-removebg-preview-1.webp","contentUrl":"https:\/\/formassista.fr\/wp-content\/uploads\/2020\/02\/Logo-removebg-preview-1.webp","width":300,"height":300,"caption":"Formassista"},"image":{"@id":"https:\/\/formassista.fr\/en\/#\/schema\/logo\/image\/"}}]}},"_links":{"self":[{"href":"https:\/\/formassista.fr\/en\/wp-json\/wp\/v2\/product\/32240","targetHints":{"allow":["GET"]}}],"collection":[{"href":"https:\/\/formassista.fr\/en\/wp-json\/wp\/v2\/product"}],"about":[{"href":"https:\/\/formassista.fr\/en\/wp-json\/wp\/v2\/types\/product"}],"wp:featuredmedia":[{"embeddable":true,"href":"https:\/\/formassista.fr\/en\/wp-json\/wp\/v2\/media\/5787"}],"wp:attachment":[{"href":"https:\/\/formassista.fr\/en\/wp-json\/wp\/v2\/media?parent=32240"}],"wp:term":[{"taxonomy":"product_brand","embeddable":true,"href":"https:\/\/formassista.fr\/en\/wp-json\/wp\/v2\/product_brand?post=32240"},{"taxonomy":"product_cat","embeddable":true,"href":"https:\/\/formassista.fr\/en\/wp-json\/wp\/v2\/product_cat?post=32240"},{"taxonomy":"product_tag","embeddable":true,"href":"https:\/\/formassista.fr\/en\/wp-json\/wp\/v2\/product_tag?post=32240"}],"curies":[{"name":"wp","href":"https:\/\/api.w.org\/{rel}","templated":true}]}}