{"id":32241,"date":"2025-04-08T11:36:42","date_gmt":"2025-04-08T11:36:42","guid":{"rendered":"https:\/\/formassista.fr\/?post_type=product&#038;p=32241"},"modified":"2025-11-07T09:46:52","modified_gmt":"2025-11-07T09:46:52","slug":"une-etude-de-marche-en-immersion-methodologie-sources-exemple","status":"publish","type":"product","link":"https:\/\/formassista.fr\/en\/product\/une-etude-de-marche-en-immersion-methodologie-sources-exemple\/","title":{"rendered":"Une \u00e9tude de march\u00e9 en immersion &#8211; Methodologie + sources + exemple"},"content":{"rendered":"<ul>\n<li><b>28 pages pr\u00e9par\u00e9es et organis\u00e9es, pr\u00eates \u00e0 l&#8217;emploi, <\/b>et qui d\u00e9taillent toutes les \u00e9tapes d&#8217;une \u00e9tude de march\u00e9, vous avez un document de travail complet pour commencer votre \u00e9tude.\u200b<\/li>\n<li>De la <b>m\u00e9thodologie<\/b> pour guider sa r\u00e9flexion et faciliter l&#8217;\u00e9criture de sa strat\u00e9gie, nous vous aidons \u00e0 faire votre document.\u200b<\/li>\n<li>Des <b>conseils adapt\u00e9s<\/b> \u00e0 votre projet pour permettre d&#8217;aborder chaque rubrique du Business Plan de la meilleure mani\u00e8re, ce sont des appels ou des messages priv\u00e9s, c&#8217;est une r\u00e9ponse ou une suggestion qui vous aident \u00e0 d\u00e9bloquer un point.\u200b<\/li>\n<li>Un <b>exemple complet et d\u00e9taill\u00e9 d&#8217;une \u00e9tude de march\u00e9 r\u00e9alis\u00e9e en immersion<\/b>, comme si nous nous lancions sur une vraie ville. Le document de plus de 80 pages du document d\u00e9crit dans le d\u00e9tail la m\u00e9thodologie \u00e9tape par \u00e9tape que nous avons utilis\u00e9e, y compris les informations que nous avons recueillies, les questions que nous avons pos\u00e9es, les analyses que nous avons men\u00e9es, les r\u00e9sultats du questionnaire, et notre d\u00e9cision finale. Nous vous expliquons combien de temps nous avons pass\u00e9 pour faire le travail. Tout est \u00e9crit et tout est d\u00e9clinable pour vous aider \u00e0 r\u00e9aliser votre \u00e9tude de march\u00e9.\u200b<\/li>\n<\/ul>\n","protected":false},"excerpt":{"rendered":"<p>28 pages pr\u00e9par\u00e9es et organis\u00e9es, pr\u00eates \u00e0 l&#8217;emploi, et qui d\u00e9taillent toutes les \u00e9tapes d&#8217;une \u00e9tude de march\u00e9, vous avez un document de travail complet pour commencer votre \u00e9tude.\u200b De la m\u00e9thodologie pour guider sa r\u00e9flexion et faciliter l&#8217;\u00e9criture de sa strat\u00e9gie, nous vous aidons \u00e0 faire votre document.\u200b Des conseils adapt\u00e9s \u00e0 votre projet [&hellip;]<\/p>\n","protected":false},"featured_media":5788,"template":"","meta":{"site-sidebar-layout":"default","site-content-layout":"","ast-site-content-layout":"default","site-content-style":"default","site-sidebar-style":"default","ast-global-header-display":"","ast-banner-title-visibility":"","ast-main-header-display":"","ast-hfb-above-header-display":"","ast-hfb-below-header-display":"","ast-hfb-mobile-header-display":"","site-post-title":"","ast-breadcrumbs-content":"","ast-featured-img":"","footer-sml-layout":"","ast-disable-related-posts":"","theme-transparent-header-meta":"default","adv-header-id-meta":"","stick-header-meta":"default","header-above-stick-meta":"","header-main-stick-meta":"","header-below-stick-meta":"","astra-migrate-meta-layouts":"set","ast-page-background-enabled":"default","ast-page-background-meta":{"desktop":{"background-color":"","background-image":"","background-repeat":"repeat","background-position":"center center","background-size":"auto","background-attachment":"scroll","background-type":"","background-media":"","overlay-type":"","overlay-color":"","overlay-opacity":"","overlay-gradient":""},"tablet":{"background-color":"","background-image":"","background-repeat":"repeat","background-position":"center center","background-size":"auto","background-attachment":"scroll","background-type":"","background-media":"","overlay-type":"","overlay-color":"","overlay-opacity":"","overlay-gradient":""},"mobile":{"background-color":"","background-image":"","background-repeat":"repeat","background-position":"center center","background-size":"auto","background-attachment":"scroll","background-type":"","background-media":"","overlay-type":"","overlay-color":"","overlay-opacity":"","overlay-gradient":""}},"ast-content-background-meta":{"desktop":{"background-color":"var(--ast-global-color-5)","background-image":"","background-repeat":"repeat","background-position":"center center","background-size":"auto","background-attachment":"scroll","background-type":"","background-media":"","overlay-type":"","overlay-color":"","overlay-opacity":"","overlay-gradient":""},"tablet":{"background-color":"var(--ast-global-color-5)","background-image":"","background-repeat":"repeat","background-position":"center center","background-size":"auto","background-attachment":"scroll","background-type":"","background-media":"","overlay-type":"","overlay-color":"","overlay-opacity":"","overlay-gradient":""},"mobile":{"background-color":"var(--ast-global-color-5)","background-image":"","background-repeat":"repeat","background-position":"center center","background-size":"auto","background-attachment":"scroll","background-type":"","background-media":"","overlay-type":"","overlay-color":"","overlay-opacity":"","overlay-gradient":""}}},"product_brand":[],"product_cat":[65,57],"product_tag":[],"class_list":{"0":"post-32241","1":"product","2":"type-product","3":"status-publish","4":"has-post-thumbnail","6":"product_cat-documents","7":"product_cat-services","8":"desktop-align-left","9":"tablet-align-left","10":"mobile-align-left","11":"ast-product-gallery-layout-horizontal-slider","12":"ast-product-gallery-with-no-image","13":"ast-product-tabs-layout-horizontal","15":"first","16":"instock","17":"downloadable","18":"virtual","19":"taxable","20":"purchasable","21":"product-type-simple"},"yoast_head":"<!-- This site is optimized with the Yoast SEO plugin v27.3 - https:\/\/yoast.com\/product\/yoast-seo-wordpress\/ -->\n<title>Une \u00e9tude de march\u00e9 en immersion - Methodologie + sources + exemple - Formassista<\/title>\n<meta name=\"description\" content=\"\u00c9tude de march\u00e9 cl\u00e9 en main avec m\u00e9thodologie, sources et exemple r\u00e9el d\u00e9taill\u00e9 pour structurer efficacement votre projet.\" \/>\n<meta name=\"robots\" content=\"index, follow, max-snippet:-1, max-image-preview:large, max-video-preview:-1\" \/>\n<link rel=\"canonical\" href=\"https:\/\/formassista.fr\/en\/product\/une-etude-de-marche-en-immersion-methodologie-sources-exemple\/\" \/>\n<meta property=\"og:locale\" content=\"en_US\" \/>\n<meta property=\"og:type\" content=\"article\" \/>\n<meta property=\"og:title\" content=\"Une \u00e9tude de march\u00e9 en immersion - Methodologie + sources + exemple - Formassista\" \/>\n<meta property=\"og:description\" content=\"\u00c9tude de march\u00e9 cl\u00e9 en main avec m\u00e9thodologie, sources et exemple r\u00e9el d\u00e9taill\u00e9 pour structurer efficacement votre projet.\" \/>\n<meta property=\"og:url\" content=\"https:\/\/formassista.fr\/en\/product\/une-etude-de-marche-en-immersion-methodologie-sources-exemple\/\" \/>\n<meta property=\"og:site_name\" content=\"Formassista\" \/>\n<meta property=\"article:modified_time\" content=\"2025-11-07T09:46:52+00:00\" \/>\n<meta property=\"og:image\" content=\"https:\/\/formassista.fr\/wp-content\/uploads\/2020\/02\/Logo-removebg-preview-1.webp\" \/>\n\t<meta property=\"og:image:width\" content=\"300\" \/>\n\t<meta property=\"og:image:height\" content=\"300\" \/>\n\t<meta property=\"og:image:type\" content=\"image\/webp\" \/><meta property=\"og:image\" content=\"https:\/\/formassista.fr\/wp-content\/uploads\/2024\/12\/Visuel1.jpg\" \/>\n\t<meta property=\"og:image:width\" content=\"800\" \/>\n\t<meta property=\"og:image:height\" content=\"1038\" \/>\n\t<meta property=\"og:image:type\" content=\"image\/jpeg\" \/>\n<meta name=\"twitter:card\" content=\"summary_large_image\" \/>\n<meta name=\"twitter:label1\" content=\"Est. reading time\" \/>\n\t<meta name=\"twitter:data1\" content=\"1 minute\" \/>\n<script type=\"application\/ld+json\" class=\"yoast-schema-graph\">{\"@context\":\"https:\\\/\\\/schema.org\",\"@graph\":[{\"@type\":\"WebPage\",\"@id\":\"https:\\\/\\\/formassista.fr\\\/en\\\/product\\\/une-etude-de-marche-en-immersion-methodologie-sources-exemple\\\/\",\"url\":\"https:\\\/\\\/formassista.fr\\\/en\\\/product\\\/une-etude-de-marche-en-immersion-methodologie-sources-exemple\\\/\",\"name\":\"Une \u00e9tude de march\u00e9 en immersion - Methodologie + sources + exemple - Formassista\",\"isPartOf\":{\"@id\":\"https:\\\/\\\/formassista.fr\\\/en\\\/#website\"},\"primaryImageOfPage\":{\"@id\":\"https:\\\/\\\/formassista.fr\\\/en\\\/product\\\/une-etude-de-marche-en-immersion-methodologie-sources-exemple\\\/#primaryimage\"},\"image\":{\"@id\":\"https:\\\/\\\/formassista.fr\\\/en\\\/product\\\/une-etude-de-marche-en-immersion-methodologie-sources-exemple\\\/#primaryimage\"},\"thumbnailUrl\":\"https:\\\/\\\/formassista.fr\\\/wp-content\\\/uploads\\\/2024\\\/12\\\/Visuel1.jpg\",\"datePublished\":\"2025-04-08T11:36:42+00:00\",\"dateModified\":\"2025-11-07T09:46:52+00:00\",\"description\":\"\u00c9tude de march\u00e9 cl\u00e9 en main avec m\u00e9thodologie, sources et exemple r\u00e9el d\u00e9taill\u00e9 pour structurer efficacement votre projet.\",\"breadcrumb\":{\"@id\":\"https:\\\/\\\/formassista.fr\\\/en\\\/product\\\/une-etude-de-marche-en-immersion-methodologie-sources-exemple\\\/#breadcrumb\"},\"inLanguage\":\"en-US\",\"potentialAction\":[{\"@type\":\"ReadAction\",\"target\":[\"https:\\\/\\\/formassista.fr\\\/en\\\/product\\\/une-etude-de-marche-en-immersion-methodologie-sources-exemple\\\/\"]}]},{\"@type\":\"ImageObject\",\"inLanguage\":\"en-US\",\"@id\":\"https:\\\/\\\/formassista.fr\\\/en\\\/product\\\/une-etude-de-marche-en-immersion-methodologie-sources-exemple\\\/#primaryimage\",\"url\":\"https:\\\/\\\/formassista.fr\\\/wp-content\\\/uploads\\\/2024\\\/12\\\/Visuel1.jpg\",\"contentUrl\":\"https:\\\/\\\/formassista.fr\\\/wp-content\\\/uploads\\\/2024\\\/12\\\/Visuel1.jpg\",\"width\":800,\"height\":1038},{\"@type\":\"BreadcrumbList\",\"@id\":\"https:\\\/\\\/formassista.fr\\\/en\\\/product\\\/une-etude-de-marche-en-immersion-methodologie-sources-exemple\\\/#breadcrumb\",\"itemListElement\":[{\"@type\":\"ListItem\",\"position\":1,\"name\":\"Home\",\"item\":\"https:\\\/\\\/formassista.fr\\\/en\\\/\"},{\"@type\":\"ListItem\",\"position\":2,\"name\":\"Shop\",\"item\":\"https:\\\/\\\/formassista.fr\\\/boutique\\\/\"},{\"@type\":\"ListItem\",\"position\":3,\"name\":\"Une \u00e9tude de march\u00e9 en immersion &#8211; Methodologie + sources + exemple\"}]},{\"@type\":\"WebSite\",\"@id\":\"https:\\\/\\\/formassista.fr\\\/en\\\/#website\",\"url\":\"https:\\\/\\\/formassista.fr\\\/en\\\/\",\"name\":\"Formassista\",\"description\":\"Organisme de formation\",\"publisher\":{\"@id\":\"https:\\\/\\\/formassista.fr\\\/en\\\/#organization\"},\"potentialAction\":[{\"@type\":\"SearchAction\",\"target\":{\"@type\":\"EntryPoint\",\"urlTemplate\":\"https:\\\/\\\/formassista.fr\\\/en\\\/?s={search_term_string}\"},\"query-input\":{\"@type\":\"PropertyValueSpecification\",\"valueRequired\":true,\"valueName\":\"search_term_string\"}}],\"inLanguage\":\"en-US\"},{\"@type\":\"Organization\",\"@id\":\"https:\\\/\\\/formassista.fr\\\/en\\\/#organization\",\"name\":\"Formassista\",\"url\":\"https:\\\/\\\/formassista.fr\\\/en\\\/\",\"logo\":{\"@type\":\"ImageObject\",\"inLanguage\":\"en-US\",\"@id\":\"https:\\\/\\\/formassista.fr\\\/en\\\/#\\\/schema\\\/logo\\\/image\\\/\",\"url\":\"https:\\\/\\\/formassista.fr\\\/wp-content\\\/uploads\\\/2020\\\/02\\\/Logo-removebg-preview-1.webp\",\"contentUrl\":\"https:\\\/\\\/formassista.fr\\\/wp-content\\\/uploads\\\/2020\\\/02\\\/Logo-removebg-preview-1.webp\",\"width\":300,\"height\":300,\"caption\":\"Formassista\"},\"image\":{\"@id\":\"https:\\\/\\\/formassista.fr\\\/en\\\/#\\\/schema\\\/logo\\\/image\\\/\"}}]}<\/script>\n<!-- \/ Yoast SEO plugin. -->","yoast_head_json":{"title":"Une \u00e9tude de march\u00e9 en immersion - Methodologie + sources + exemple - Formassista","description":"\u00c9tude de march\u00e9 cl\u00e9 en main avec m\u00e9thodologie, sources et exemple r\u00e9el d\u00e9taill\u00e9 pour structurer efficacement votre projet.","robots":{"index":"index","follow":"follow","max-snippet":"max-snippet:-1","max-image-preview":"max-image-preview:large","max-video-preview":"max-video-preview:-1"},"canonical":"https:\/\/formassista.fr\/en\/product\/une-etude-de-marche-en-immersion-methodologie-sources-exemple\/","og_locale":"en_US","og_type":"article","og_title":"Une \u00e9tude de march\u00e9 en immersion - Methodologie + sources + exemple - Formassista","og_description":"\u00c9tude de march\u00e9 cl\u00e9 en main avec m\u00e9thodologie, sources et exemple r\u00e9el d\u00e9taill\u00e9 pour structurer efficacement votre projet.","og_url":"https:\/\/formassista.fr\/en\/product\/une-etude-de-marche-en-immersion-methodologie-sources-exemple\/","og_site_name":"Formassista","article_modified_time":"2025-11-07T09:46:52+00:00","og_image":[{"width":300,"height":300,"url":"https:\/\/formassista.fr\/wp-content\/uploads\/2020\/02\/Logo-removebg-preview-1.webp","type":"image\/webp"},{"width":800,"height":1038,"url":"https:\/\/formassista.fr\/wp-content\/uploads\/2024\/12\/Visuel1.jpg","type":"image\/jpeg"}],"twitter_card":"summary_large_image","twitter_misc":{"Est. reading time":"1 minute"},"schema":{"@context":"https:\/\/schema.org","@graph":[{"@type":"WebPage","@id":"https:\/\/formassista.fr\/en\/product\/une-etude-de-marche-en-immersion-methodologie-sources-exemple\/","url":"https:\/\/formassista.fr\/en\/product\/une-etude-de-marche-en-immersion-methodologie-sources-exemple\/","name":"Une \u00e9tude de march\u00e9 en immersion - Methodologie + sources + exemple - Formassista","isPartOf":{"@id":"https:\/\/formassista.fr\/en\/#website"},"primaryImageOfPage":{"@id":"https:\/\/formassista.fr\/en\/product\/une-etude-de-marche-en-immersion-methodologie-sources-exemple\/#primaryimage"},"image":{"@id":"https:\/\/formassista.fr\/en\/product\/une-etude-de-marche-en-immersion-methodologie-sources-exemple\/#primaryimage"},"thumbnailUrl":"https:\/\/formassista.fr\/wp-content\/uploads\/2024\/12\/Visuel1.jpg","datePublished":"2025-04-08T11:36:42+00:00","dateModified":"2025-11-07T09:46:52+00:00","description":"\u00c9tude de march\u00e9 cl\u00e9 en main avec m\u00e9thodologie, sources et exemple r\u00e9el d\u00e9taill\u00e9 pour structurer efficacement votre projet.","breadcrumb":{"@id":"https:\/\/formassista.fr\/en\/product\/une-etude-de-marche-en-immersion-methodologie-sources-exemple\/#breadcrumb"},"inLanguage":"en-US","potentialAction":[{"@type":"ReadAction","target":["https:\/\/formassista.fr\/en\/product\/une-etude-de-marche-en-immersion-methodologie-sources-exemple\/"]}]},{"@type":"ImageObject","inLanguage":"en-US","@id":"https:\/\/formassista.fr\/en\/product\/une-etude-de-marche-en-immersion-methodologie-sources-exemple\/#primaryimage","url":"https:\/\/formassista.fr\/wp-content\/uploads\/2024\/12\/Visuel1.jpg","contentUrl":"https:\/\/formassista.fr\/wp-content\/uploads\/2024\/12\/Visuel1.jpg","width":800,"height":1038},{"@type":"BreadcrumbList","@id":"https:\/\/formassista.fr\/en\/product\/une-etude-de-marche-en-immersion-methodologie-sources-exemple\/#breadcrumb","itemListElement":[{"@type":"ListItem","position":1,"name":"Home","item":"https:\/\/formassista.fr\/en\/"},{"@type":"ListItem","position":2,"name":"Shop","item":"https:\/\/formassista.fr\/boutique\/"},{"@type":"ListItem","position":3,"name":"Une \u00e9tude de march\u00e9 en immersion &#8211; Methodologie + sources + exemple"}]},{"@type":"WebSite","@id":"https:\/\/formassista.fr\/en\/#website","url":"https:\/\/formassista.fr\/en\/","name":"Formassista","description":"Organisme de formation","publisher":{"@id":"https:\/\/formassista.fr\/en\/#organization"},"potentialAction":[{"@type":"SearchAction","target":{"@type":"EntryPoint","urlTemplate":"https:\/\/formassista.fr\/en\/?s={search_term_string}"},"query-input":{"@type":"PropertyValueSpecification","valueRequired":true,"valueName":"search_term_string"}}],"inLanguage":"en-US"},{"@type":"Organization","@id":"https:\/\/formassista.fr\/en\/#organization","name":"Formassista","url":"https:\/\/formassista.fr\/en\/","logo":{"@type":"ImageObject","inLanguage":"en-US","@id":"https:\/\/formassista.fr\/en\/#\/schema\/logo\/image\/","url":"https:\/\/formassista.fr\/wp-content\/uploads\/2020\/02\/Logo-removebg-preview-1.webp","contentUrl":"https:\/\/formassista.fr\/wp-content\/uploads\/2020\/02\/Logo-removebg-preview-1.webp","width":300,"height":300,"caption":"Formassista"},"image":{"@id":"https:\/\/formassista.fr\/en\/#\/schema\/logo\/image\/"}}]}},"_links":{"self":[{"href":"https:\/\/formassista.fr\/en\/wp-json\/wp\/v2\/product\/32241","targetHints":{"allow":["GET"]}}],"collection":[{"href":"https:\/\/formassista.fr\/en\/wp-json\/wp\/v2\/product"}],"about":[{"href":"https:\/\/formassista.fr\/en\/wp-json\/wp\/v2\/types\/product"}],"wp:featuredmedia":[{"embeddable":true,"href":"https:\/\/formassista.fr\/en\/wp-json\/wp\/v2\/media\/5788"}],"wp:attachment":[{"href":"https:\/\/formassista.fr\/en\/wp-json\/wp\/v2\/media?parent=32241"}],"wp:term":[{"taxonomy":"product_brand","embeddable":true,"href":"https:\/\/formassista.fr\/en\/wp-json\/wp\/v2\/product_brand?post=32241"},{"taxonomy":"product_cat","embeddable":true,"href":"https:\/\/formassista.fr\/en\/wp-json\/wp\/v2\/product_cat?post=32241"},{"taxonomy":"product_tag","embeddable":true,"href":"https:\/\/formassista.fr\/en\/wp-json\/wp\/v2\/product_tag?post=32241"}],"curies":[{"name":"wp","href":"https:\/\/api.w.org\/{rel}","templated":true}]}}